{"id":31,"date":"2026-04-02T18:53:37","date_gmt":"2026-04-02T18:53:37","guid":{"rendered":"https:\/\/14.nejcsilak.lab1.almamater.si\/?page_id=31"},"modified":"2026-04-14T18:15:24","modified_gmt":"2026-04-14T18:15:24","slug":"blog","status":"publish","type":"page","link":"https:\/\/14.nejcsilak.lab1.almamater.si\/index.php\/blog\/","title":{"rendered":"Kontakt"},"content":{"rendered":"\n<div class=\"wp-block-columns is-layout-flex wp-container-core-columns-is-layout-28f84493 wp-block-columns-is-layout-flex\">\n<div class=\"wp-block-column is-layout-flow wp-block-column-is-layout-flow\"><div style=\"height:400pxpx;\" class=\"wp-block-themeisle-blocks-leaflet-map\" id=\"wp-block-themeisle-blocks-leaflet-map-55b9a808\"><\/div>\n<script type=\"text\/javascript\">\n\t\/* <![CDATA[ *\/\n\t\tif ( ! window.themeisleLeafletMaps ) window.themeisleLeafletMaps =[];\n\t\twindow.themeisleLeafletMaps.push( { container: \"wp-block-themeisle-blocks-leaflet-map-55b9a808\", attributes: {\"id\":\"wp-block-themeisle-blocks-leaflet-map-55b9a808\",\"latitude\":\"46.54528447518704\",\"longitude\":\"15.62084197998047\",\"bbox\":\"15.585823059082033,46.52166625104974,15.655860900878908,46.56889242814276\",\"zoom\":13,\"location\":\"La Sagrada Familia, Barcelona, Spain\",\"height\":\"400px\",\"markers\":[],\"zoomControl\":true,\"draggable\":true,\"hasCustomCSS\":false,\"customCSS\":\"\",\"otterConditions\":[]} } );\n\t\/* ]]> *\/\n<\/script>\n<\/div>\n\n\n\n<div class=\"wp-block-column is-layout-flow wp-block-column-is-layout-flow\"><\/div>\n\n\n\n<div class=\"wp-block-column is-layout-flow wp-block-column-is-layout-flow\">\n<h2 class=\"wp-block-heading\">Na\u0161 kontakt<\/h2>\n\n\n\n<p>Mariborska 36, 2000 Maribor<\/p>\n\n\n\n<p>Tel: +386 73 625 357<\/p>\n\n\n\n<p>Mail: healthup@gmail.com<\/p>\n\n\n\n<p>Dosegljivi smo vsak dan od 8h do 16h.<\/p>\n<\/div>\n<\/div>\n\n\n\n<p><\/p>\n","protected":false},"excerpt":{"rendered":"<p>Na\u0161 kontakt Mariborska 36, 2000 Maribor Tel: +386 73 625 357 Mail: healthup@gmail.com Dosegljivi smo vsak dan od 8h do 16h.<\/p>\n","protected":false},"author":1,"featured_media":105,"parent":0,"menu_order":0,"comment_status":"closed","ping_status":"closed","template":"","meta":{"_themeisle_gutenberg_block_has_review":false,"footnotes":""},"class_list":["post-31","page","type-page","status-publish","has-post-thumbnail","hentry"],"yoast_head":"<!-- This site is optimized with the Yoast SEO plugin v27.3 - https:\/\/yoast.com\/product\/yoast-seo-wordpress\/ -->\n<title>Kontakt - Zdrav \u017eivljenjski slog<\/title>\n<meta name=\"description\" content=\"Odkrij, kako zdrava prehrana in redno gibanje izbolj\u0161ata tvoje zdravje in prispevata k bolj\u0161emu po\u010dutju ter kakovosti \u017eivljenja.\" \/>\n<meta name=\"robots\" content=\"index, follow, max-snippet:-1, max-image-preview:large, max-video-preview:-1\" \/>\n<link rel=\"canonical\" href=\"https:\/\/14.nejcsilak.lab1.almamater.si\/index.php\/blog\/\" \/>\n<meta property=\"og:locale\" content=\"en_US\" \/>\n<meta property=\"og:type\" content=\"article\" \/>\n<meta property=\"og:title\" content=\"Kontakt - Zdrav \u017eivljenjski slog\" \/>\n<meta property=\"og:description\" content=\"Odkrij, kako zdrava prehrana in redno gibanje izbolj\u0161ata tvoje zdravje in prispevata k bolj\u0161emu po\u010dutju ter kakovosti \u017eivljenja.\" \/>\n<meta property=\"og:url\" content=\"https:\/\/14.nejcsilak.lab1.almamater.si\/index.php\/blog\/\" \/>\n<meta property=\"og:site_name\" content=\"HealthUP\" \/>\n<meta property=\"article:modified_time\" content=\"2026-04-14T18:15:24+00:00\" \/>\n<meta property=\"og:image\" content=\"https:\/\/14.nejcsilak.lab1.almamater.si\/wp-content\/uploads\/2026\/04\/renegossner-water-8100724_1920.jpg\" \/>\n\t<meta property=\"og:image:width\" content=\"1920\" \/>\n\t<meta property=\"og:image:height\" content=\"1280\" \/>\n\t<meta property=\"og:image:type\" content=\"image\/jpeg\" \/>\n<meta name=\"twitter:card\" content=\"summary_large_image\" \/>\n<meta name=\"twitter:label1\" content=\"Est. reading time\" \/>\n\t<meta name=\"twitter:data1\" content=\"1 minute\" \/>\n<script type=\"application\/ld+json\" class=\"yoast-schema-graph\">{\"@context\":\"https:\\\/\\\/schema.org\",\"@graph\":[{\"@type\":\"WebPage\",\"@id\":\"https:\\\/\\\/14.nejcsilak.lab1.almamater.si\\\/index.php\\\/blog\\\/\",\"url\":\"https:\\\/\\\/14.nejcsilak.lab1.almamater.si\\\/index.php\\\/blog\\\/\",\"name\":\"Kontakt - Zdrav \u017eivljenjski slog\",\"isPartOf\":{\"@id\":\"https:\\\/\\\/14.nejcsilak.lab1.almamater.si\\\/#website\"},\"primaryImageOfPage\":{\"@id\":\"https:\\\/\\\/14.nejcsilak.lab1.almamater.si\\\/index.php\\\/blog\\\/#primaryimage\"},\"image\":{\"@id\":\"https:\\\/\\\/14.nejcsilak.lab1.almamater.si\\\/index.php\\\/blog\\\/#primaryimage\"},\"thumbnailUrl\":\"https:\\\/\\\/14.nejcsilak.lab1.almamater.si\\\/wp-content\\\/uploads\\\/2026\\\/04\\\/renegossner-water-8100724_1920.jpg\",\"datePublished\":\"2026-04-02T18:53:37+00:00\",\"dateModified\":\"2026-04-14T18:15:24+00:00\",\"description\":\"Odkrij, kako zdrava prehrana in redno gibanje izbolj\u0161ata tvoje zdravje in prispevata k bolj\u0161emu po\u010dutju ter kakovosti \u017eivljenja.\",\"breadcrumb\":{\"@id\":\"https:\\\/\\\/14.nejcsilak.lab1.almamater.si\\\/index.php\\\/blog\\\/#breadcrumb\"},\"inLanguage\":\"en-US\",\"potentialAction\":[{\"@type\":\"ReadAction\",\"target\":[\"https:\\\/\\\/14.nejcsilak.lab1.almamater.si\\\/index.php\\\/blog\\\/\"]}]},{\"@type\":\"ImageObject\",\"inLanguage\":\"en-US\",\"@id\":\"https:\\\/\\\/14.nejcsilak.lab1.almamater.si\\\/index.php\\\/blog\\\/#primaryimage\",\"url\":\"https:\\\/\\\/14.nejcsilak.lab1.almamater.si\\\/wp-content\\\/uploads\\\/2026\\\/04\\\/renegossner-water-8100724_1920.jpg\",\"contentUrl\":\"https:\\\/\\\/14.nejcsilak.lab1.almamater.si\\\/wp-content\\\/uploads\\\/2026\\\/04\\\/renegossner-water-8100724_1920.jpg\",\"width\":1920,\"height\":1280},{\"@type\":\"BreadcrumbList\",\"@id\":\"https:\\\/\\\/14.nejcsilak.lab1.almamater.si\\\/index.php\\\/blog\\\/#breadcrumb\",\"itemListElement\":[{\"@type\":\"ListItem\",\"position\":1,\"name\":\"Home\",\"item\":\"https:\\\/\\\/14.nejcsilak.lab1.almamater.si\\\/\"},{\"@type\":\"ListItem\",\"position\":2,\"name\":\"Kontakt\"}]},{\"@type\":\"WebSite\",\"@id\":\"https:\\\/\\\/14.nejcsilak.lab1.almamater.si\\\/#website\",\"url\":\"https:\\\/\\\/14.nejcsilak.lab1.almamater.si\\\/\",\"name\":\"HealthUP\",\"description\":\"\",\"publisher\":{\"@id\":\"https:\\\/\\\/14.nejcsilak.lab1.almamater.si\\\/#organization\"},\"potentialAction\":[{\"@type\":\"SearchAction\",\"target\":{\"@type\":\"EntryPoint\",\"urlTemplate\":\"https:\\\/\\\/14.nejcsilak.lab1.almamater.si\\\/?s={search_term_string}\"},\"query-input\":{\"@type\":\"PropertyValueSpecification\",\"valueRequired\":true,\"valueName\":\"search_term_string\"}}],\"inLanguage\":\"en-US\"},{\"@type\":\"Organization\",\"@id\":\"https:\\\/\\\/14.nejcsilak.lab1.almamater.si\\\/#organization\",\"name\":\"HealthUP\",\"url\":\"https:\\\/\\\/14.nejcsilak.lab1.almamater.si\\\/\",\"logo\":{\"@type\":\"ImageObject\",\"inLanguage\":\"en-US\",\"@id\":\"https:\\\/\\\/14.nejcsilak.lab1.almamater.si\\\/#\\\/schema\\\/logo\\\/image\\\/\",\"url\":\"https:\\\/\\\/14.nejcsilak.lab1.almamater.si\\\/wp-content\\\/uploads\\\/2026\\\/04\\\/cropped-cropped-cropped-Zdravje-na-pohodu-1.png\",\"contentUrl\":\"https:\\\/\\\/14.nejcsilak.lab1.almamater.si\\\/wp-content\\\/uploads\\\/2026\\\/04\\\/cropped-cropped-cropped-Zdravje-na-pohodu-1.png\",\"width\":512,\"height\":341,\"caption\":\"HealthUP\"},\"image\":{\"@id\":\"https:\\\/\\\/14.nejcsilak.lab1.almamater.si\\\/#\\\/schema\\\/logo\\\/image\\\/\"}}]}<\/script>\n<!-- \/ Yoast SEO plugin. -->","yoast_head_json":{"title":"Kontakt - Zdrav \u017eivljenjski slog","description":"Odkrij, kako zdrava prehrana in redno gibanje izbolj\u0161ata tvoje zdravje in prispevata k bolj\u0161emu po\u010dutju ter kakovosti \u017eivljenja.","robots":{"index":"index","follow":"follow","max-snippet":"max-snippet:-1","max-image-preview":"max-image-preview:large","max-video-preview":"max-video-preview:-1"},"canonical":"https:\/\/14.nejcsilak.lab1.almamater.si\/index.php\/blog\/","og_locale":"en_US","og_type":"article","og_title":"Kontakt - Zdrav \u017eivljenjski slog","og_description":"Odkrij, kako zdrava prehrana in redno gibanje izbolj\u0161ata tvoje zdravje in prispevata k bolj\u0161emu po\u010dutju ter kakovosti \u017eivljenja.","og_url":"https:\/\/14.nejcsilak.lab1.almamater.si\/index.php\/blog\/","og_site_name":"HealthUP","article_modified_time":"2026-04-14T18:15:24+00:00","og_image":[{"width":1920,"height":1280,"url":"https:\/\/14.nejcsilak.lab1.almamater.si\/wp-content\/uploads\/2026\/04\/renegossner-water-8100724_1920.jpg","type":"image\/jpeg"}],"twitter_card":"summary_large_image","twitter_misc":{"Est. reading time":"1 minute"},"schema":{"@context":"https:\/\/schema.org","@graph":[{"@type":"WebPage","@id":"https:\/\/14.nejcsilak.lab1.almamater.si\/index.php\/blog\/","url":"https:\/\/14.nejcsilak.lab1.almamater.si\/index.php\/blog\/","name":"Kontakt - Zdrav \u017eivljenjski slog","isPartOf":{"@id":"https:\/\/14.nejcsilak.lab1.almamater.si\/#website"},"primaryImageOfPage":{"@id":"https:\/\/14.nejcsilak.lab1.almamater.si\/index.php\/blog\/#primaryimage"},"image":{"@id":"https:\/\/14.nejcsilak.lab1.almamater.si\/index.php\/blog\/#primaryimage"},"thumbnailUrl":"https:\/\/14.nejcsilak.lab1.almamater.si\/wp-content\/uploads\/2026\/04\/renegossner-water-8100724_1920.jpg","datePublished":"2026-04-02T18:53:37+00:00","dateModified":"2026-04-14T18:15:24+00:00","description":"Odkrij, kako zdrava prehrana in redno gibanje izbolj\u0161ata tvoje zdravje in prispevata k bolj\u0161emu po\u010dutju ter kakovosti \u017eivljenja.","breadcrumb":{"@id":"https:\/\/14.nejcsilak.lab1.almamater.si\/index.php\/blog\/#breadcrumb"},"inLanguage":"en-US","potentialAction":[{"@type":"ReadAction","target":["https:\/\/14.nejcsilak.lab1.almamater.si\/index.php\/blog\/"]}]},{"@type":"ImageObject","inLanguage":"en-US","@id":"https:\/\/14.nejcsilak.lab1.almamater.si\/index.php\/blog\/#primaryimage","url":"https:\/\/14.nejcsilak.lab1.almamater.si\/wp-content\/uploads\/2026\/04\/renegossner-water-8100724_1920.jpg","contentUrl":"https:\/\/14.nejcsilak.lab1.almamater.si\/wp-content\/uploads\/2026\/04\/renegossner-water-8100724_1920.jpg","width":1920,"height":1280},{"@type":"BreadcrumbList","@id":"https:\/\/14.nejcsilak.lab1.almamater.si\/index.php\/blog\/#breadcrumb","itemListElement":[{"@type":"ListItem","position":1,"name":"Home","item":"https:\/\/14.nejcsilak.lab1.almamater.si\/"},{"@type":"ListItem","position":2,"name":"Kontakt"}]},{"@type":"WebSite","@id":"https:\/\/14.nejcsilak.lab1.almamater.si\/#website","url":"https:\/\/14.nejcsilak.lab1.almamater.si\/","name":"HealthUP","description":"","publisher":{"@id":"https:\/\/14.nejcsilak.lab1.almamater.si\/#organization"},"potentialAction":[{"@type":"SearchAction","target":{"@type":"EntryPoint","urlTemplate":"https:\/\/14.nejcsilak.lab1.almamater.si\/?s={search_term_string}"},"query-input":{"@type":"PropertyValueSpecification","valueRequired":true,"valueName":"search_term_string"}}],"inLanguage":"en-US"},{"@type":"Organization","@id":"https:\/\/14.nejcsilak.lab1.almamater.si\/#organization","name":"HealthUP","url":"https:\/\/14.nejcsilak.lab1.almamater.si\/","logo":{"@type":"ImageObject","inLanguage":"en-US","@id":"https:\/\/14.nejcsilak.lab1.almamater.si\/#\/schema\/logo\/image\/","url":"https:\/\/14.nejcsilak.lab1.almamater.si\/wp-content\/uploads\/2026\/04\/cropped-cropped-cropped-Zdravje-na-pohodu-1.png","contentUrl":"https:\/\/14.nejcsilak.lab1.almamater.si\/wp-content\/uploads\/2026\/04\/cropped-cropped-cropped-Zdravje-na-pohodu-1.png","width":512,"height":341,"caption":"HealthUP"},"image":{"@id":"https:\/\/14.nejcsilak.lab1.almamater.si\/#\/schema\/logo\/image\/"}}]}},"_links":{"self":[{"href":"https:\/\/14.nejcsilak.lab1.almamater.si\/index.php\/wp-json\/wp\/v2\/pages\/31","targetHints":{"allow":["GET"]}}],"collection":[{"href":"https:\/\/14.nejcsilak.lab1.almamater.si\/index.php\/wp-json\/wp\/v2\/pages"}],"about":[{"href":"https:\/\/14.nejcsilak.lab1.almamater.si\/index.php\/wp-json\/wp\/v2\/types\/page"}],"author":[{"embeddable":true,"href":"https:\/\/14.nejcsilak.lab1.almamater.si\/index.php\/wp-json\/wp\/v2\/users\/1"}],"replies":[{"embeddable":true,"href":"https:\/\/14.nejcsilak.lab1.almamater.si\/index.php\/wp-json\/wp\/v2\/comments?post=31"}],"version-history":[{"count":11,"href":"https:\/\/14.nejcsilak.lab1.almamater.si\/index.php\/wp-json\/wp\/v2\/pages\/31\/revisions"}],"predecessor-version":[{"id":138,"href":"https:\/\/14.nejcsilak.lab1.almamater.si\/index.php\/wp-json\/wp\/v2\/pages\/31\/revisions\/138"}],"wp:featuredmedia":[{"embeddable":true,"href":"https:\/\/14.nejcsilak.lab1.almamater.si\/index.php\/wp-json\/wp\/v2\/media\/105"}],"wp:attachment":[{"href":"https:\/\/14.nejcsilak.lab1.almamater.si\/index.php\/wp-json\/wp\/v2\/media?parent=31"}],"curies":[{"name":"wp","href":"https:\/\/api.w.org\/{rel}","templated":true}]}}